{"id":449,"date":"2021-08-17T13:47:11","date_gmt":"2021-08-17T13:47:11","guid":{"rendered":"https:\/\/trillafesztival.hu\/regisztracio\/"},"modified":"2022-08-11T13:09:55","modified_gmt":"2022-08-11T13:09:55","slug":"regisztracio","status":"publish","type":"page","link":"https:\/\/trillafesztival.hu\/en\/regisztracio\/","title":{"rendered":"Registration"},"content":{"rendered":"<p>A Trilla a n\u00e9pdal alternat\u00edv \u00fcnnepe \u2013\u00a0zenei piknik a z\u00f6ld Brunszvik-kertben, kreat\u00edv j\u00e1t\u00e9k hangszerekkel \u00e9s a n\u00e9pdal sokf\u00e9le form\u00e1j\u00e1nak meg\u00fcnnepl\u00e9se autentikus n\u00e9pzen\u00e9t\u0151l kezdve etnojazzen \u00e1t eg\u00e9szen magyar alterig. Sz\u00e1mtalan kreat\u00edv gyerekprogram \u00e9s gyermekkoncert is v\u00e1r a fesztiv\u00e1lon. A Trilla ad otthont az els\u0151 Lajtha L\u00e1szl\u00f3 Nemzetk\u00f6zi N\u00e9pzenei Konferenci\u00e1nak is. N\u00e9mely programunk regisztr\u00e1ci\u00f3hoz k\u00f6t\u00f6tt.<\/p>\n<p><b>Bel\u00e9p\u00e9s feln\u0151tteknek<\/b><\/p>\n<p><span style=\"font-weight: 400;\">A jelenleg hat\u00e1lyos a 484\/2020. (XI. 10.) Korm. rendelet 6\/B. \u00a7 2. bekezd\u00e9se \u00e9rtelm\u00e9ben a Trilla \u00e9s a Lajtha L\u00e1szl\u00f3 Nemzetk\u00f6zi N\u00e9pzenei Konferencia kiz\u00e1r\u00f3lag <strong>v\u00e9detts\u00e9gi igazolv\u00e1nnyal<\/strong> l\u00e1togathat\u00f3. A v\u00e9detts\u00e9g igazol\u00e1s\u00e1ra a plasztik k\u00e1rty\u00e1t \u00e9s a mobil applik\u00e1ci\u00f3t is elfogadjuk szem\u00e9lyazonoss\u00e1g igazol\u00e1s\u00e1ra alkalmas, arck\u00e9pes hat\u00f3s\u00e1gi igazolv\u00e1nyt felmutat\u00e1sa mellett.<\/span><\/p>\n<p><span style=\"font-weight: 400;\">A v\u00e9detts\u00e9gi igazolv\u00e1nyt a beenged\u00e9si pontokon illetve az infopultban lehet felmutatni, ahol karszalagra v\u00e1ltj\u00e1k be.<\/span><\/p>\n<p><b>Bel\u00e9p\u00e9s gyereknek<\/b><\/p>\n<p><span style=\"font-weight: 400;\">A 18 \u00e9v alattiak v\u00e9detts\u00e9g\u00fcket igazolni tud\u00f3 sz\u00fcl\u0151 \u2013 vagy a sz\u00fcl\u0151 \u00e1ltal meghatalmazott nagykor\u00fa \u2013 fel\u00fcgyelete mellett l\u00e1togathatj\u00e1k a zen\u00e9s-t\u00e1ncos rendezv\u00e9nyeket.<\/span><\/p>\n<p><span style=\"font-weight: 400;\"><strong>V\u00e9detts\u00e9gi igazolv\u00e1ny n\u00e9lk\u00fcl<\/strong> l\u00e1togathat\u00f3 a v\u00e1s\u00e1rt\u00e9r.<\/span><\/p>\n","protected":false},"excerpt":{"rendered":"<p>A Trilla a n\u00e9pdal alternat\u00edv \u00fcnnepe \u2013\u00a0zenei piknik a z\u00f6ld Brunszvik-kertben, kreat\u00edv j\u00e1t\u00e9k hangszerekkel \u00e9s a n\u00e9pdal sokf\u00e9le form\u00e1j\u00e1nak meg\u00fcnnepl\u00e9se autentikus n\u00e9pzen\u00e9t\u0151l kezdve etnojazzen \u00e1t eg\u00e9szen magyar alterig. Sz\u00e1mtalan kreat\u00edv gyerekprogram \u00e9s gyermekkoncert is v\u00e1r a fesztiv\u00e1lon. A Trilla ad otthont az els\u0151 Lajtha L\u00e1szl\u00f3 Nemzetk\u00f6zi N\u00e9pzenei Konferenci\u00e1nak is. N\u00e9mely programunk regisztr\u00e1ci\u00f3hoz k\u00f6t\u00f6tt. Bel\u00e9p\u00e9s feln\u0151tteknek [&hellip;]<\/p>\n","protected":false},"author":1,"featured_media":0,"parent":0,"menu_order":0,"comment_status":"closed","ping_status":"closed","template":"template-page_regisztracio.php","meta":{"footnotes":""},"class_list":["post-449","page","type-page","status-publish","hentry"],"_links":{"self":[{"href":"https:\/\/trillafesztival.hu\/en\/wp-json\/wp\/v2\/pages\/449","targetHints":{"allow":["GET"]}}],"collection":[{"href":"https:\/\/trillafesztival.hu\/en\/wp-json\/wp\/v2\/pages"}],"about":[{"href":"https:\/\/trillafesztival.hu\/en\/wp-json\/wp\/v2\/types\/page"}],"author":[{"embeddable":true,"href":"https:\/\/trillafesztival.hu\/en\/wp-json\/wp\/v2\/users\/1"}],"replies":[{"embeddable":true,"href":"https:\/\/trillafesztival.hu\/en\/wp-json\/wp\/v2\/comments?post=449"}],"version-history":[{"count":3,"href":"https:\/\/trillafesztival.hu\/en\/wp-json\/wp\/v2\/pages\/449\/revisions"}],"predecessor-version":[{"id":683,"href":"https:\/\/trillafesztival.hu\/en\/wp-json\/wp\/v2\/pages\/449\/revisions\/683"}],"wp:attachment":[{"href":"https:\/\/trillafesztival.hu\/en\/wp-json\/wp\/v2\/media?parent=449"}],"curies":[{"name":"wp","href":"https:\/\/api.w.org\/{rel}","templated":true}]}}