{"id":194,"date":"2021-07-22T19:33:30","date_gmt":"2021-07-22T19:33:30","guid":{"rendered":"https:\/\/trillafesztival.hu\/konferencia\/"},"modified":"2021-08-13T08:01:21","modified_gmt":"2021-08-13T08:01:21","slug":"conference","status":"publish","type":"page","link":"https:\/\/trillafesztival.hu\/en\/conference\/","title":{"rendered":"Conference"},"content":{"rendered":"<h2>L\u00e1szl\u00f3 Lajtha International Folk Music Conference<\/h2>\n<p><span style=\"font-weight: 300;\">The L\u00e1szl\u00f3 Lajtha International Folk Music Conference will be first organised in 2021 as a part of the event series of a folk music festival in Martonv\u00e1s\u00e1r. The conference focuses on two major themes: the heritage and folk song collections of L\u00e1szl\u00f3 Lajtha, and opportunities in higher education of folk music studies, with European and Hungarian case studies.<\/span><\/p>\n<p><span style=\"font-weight: 300;\">Our goal is to facilitate an exchange of best practices and accumulated experience between higher education institutions across Europe that offer practice-oriented folk music education programmes. Our hopes are to grow and sustain a European network of folk music academics and professionals, and to foster long-term projects and collaborations. We are also planning to found an international folk music festival, collaborating with our conference speakers and participants and representatives of the Hungarian Liszt Ferenc Academy of Music.<\/span><\/p>\n<p><span style=\"font-weight: 300;\">We hope that the first year of the L\u00e1szl\u00f3 Lajtha International Folk Music Conference will plant the seed of an international network of folk music educators and experts, and that this cooperation will only grow stronger and more impactful over the next years.<\/span><\/p>\n","protected":false},"excerpt":{"rendered":"<p>L\u00e1szl\u00f3 Lajtha International Folk Music Conference The L\u00e1szl\u00f3 Lajtha International Folk Music Conference will be first organised in 2021 as a part of the event series of a folk music festival in Martonv\u00e1s\u00e1r. The conference focuses on two major themes: the heritage and folk song collections of L\u00e1szl\u00f3 Lajtha, and opportunities in higher education of [&hellip;]<\/p>\n","protected":false},"author":1,"featured_media":0,"parent":0,"menu_order":0,"comment_status":"closed","ping_status":"closed","template":"template-page_konferencia.php","meta":{"footnotes":""},"class_list":["post-194","page","type-page","status-publish","hentry"],"_links":{"self":[{"href":"https:\/\/trillafesztival.hu\/en\/wp-json\/wp\/v2\/pages\/194","targetHints":{"allow":["GET"]}}],"collection":[{"href":"https:\/\/trillafesztival.hu\/en\/wp-json\/wp\/v2\/pages"}],"about":[{"href":"https:\/\/trillafesztival.hu\/en\/wp-json\/wp\/v2\/types\/page"}],"author":[{"embeddable":true,"href":"https:\/\/trillafesztival.hu\/en\/wp-json\/wp\/v2\/users\/1"}],"replies":[{"embeddable":true,"href":"https:\/\/trillafesztival.hu\/en\/wp-json\/wp\/v2\/comments?post=194"}],"version-history":[{"count":4,"href":"https:\/\/trillafesztival.hu\/en\/wp-json\/wp\/v2\/pages\/194\/revisions"}],"predecessor-version":[{"id":376,"href":"https:\/\/trillafesztival.hu\/en\/wp-json\/wp\/v2\/pages\/194\/revisions\/376"}],"wp:attachment":[{"href":"https:\/\/trillafesztival.hu\/en\/wp-json\/wp\/v2\/media?parent=194"}],"curies":[{"name":"wp","href":"https:\/\/api.w.org\/{rel}","templated":true}]}}