{"id":192,"date":"2021-07-22T14:55:24","date_gmt":"2021-07-22T14:55:24","guid":{"rendered":"https:\/\/trillafesztival.hu\/egesz-napos-programok\/"},"modified":"2021-08-27T14:04:17","modified_gmt":"2021-08-27T14:04:17","slug":"csaladi-programok","status":"publish","type":"page","link":"https:\/\/trillafesztival.hu\/en\/csaladi-programok\/","title":{"rendered":"Csal\u00e1di programok"},"content":{"rendered":"<p><span style=\"font-weight: 400;\">A Trill\u00e1ra a bel\u00e9p\u00e9s ingyenes, csak k\u00e9t gyerekprogram regisztr\u00e1ci\u00f3k\u00f6teles l\u00e9tsz\u00e1mkorl\u00e1t miatt. A<\/span><span style=\"font-weight: 400;\"> B\u00f6lcs Kavics \u00e9s a MASZK foglalkoz\u00e1s\u00e1ra <\/span><a href=\"https:\/\/trillafesztival.hu\/regisztracio\/\"><span style=\"font-weight: 400;\">itt tudsz regisztr\u00e1lni<\/span><\/a><span style=\"font-weight: 400;\">. <\/span><\/p>\n","protected":false},"excerpt":{"rendered":"<p>A Trill\u00e1ra a bel\u00e9p\u00e9s ingyenes, csak k\u00e9t gyerekprogram regisztr\u00e1ci\u00f3k\u00f6teles l\u00e9tsz\u00e1mkorl\u00e1t miatt. A B\u00f6lcs Kavics \u00e9s a MASZK foglalkoz\u00e1s\u00e1ra itt tudsz regisztr\u00e1lni.<\/p>\n","protected":false},"author":1,"featured_media":0,"parent":0,"menu_order":0,"comment_status":"closed","ping_status":"closed","template":"template-page_gyerekprogramok.php","meta":{"footnotes":""},"class_list":["post-192","page","type-page","status-publish","hentry"],"_links":{"self":[{"href":"https:\/\/trillafesztival.hu\/en\/wp-json\/wp\/v2\/pages\/192","targetHints":{"allow":["GET"]}}],"collection":[{"href":"https:\/\/trillafesztival.hu\/en\/wp-json\/wp\/v2\/pages"}],"about":[{"href":"https:\/\/trillafesztival.hu\/en\/wp-json\/wp\/v2\/types\/page"}],"author":[{"embeddable":true,"href":"https:\/\/trillafesztival.hu\/en\/wp-json\/wp\/v2\/users\/1"}],"replies":[{"embeddable":true,"href":"https:\/\/trillafesztival.hu\/en\/wp-json\/wp\/v2\/comments?post=192"}],"version-history":[{"count":2,"href":"https:\/\/trillafesztival.hu\/en\/wp-json\/wp\/v2\/pages\/192\/revisions"}],"predecessor-version":[{"id":428,"href":"https:\/\/trillafesztival.hu\/en\/wp-json\/wp\/v2\/pages\/192\/revisions\/428"}],"wp:attachment":[{"href":"https:\/\/trillafesztival.hu\/en\/wp-json\/wp\/v2\/media?parent=192"}],"curies":[{"name":"wp","href":"https:\/\/api.w.org\/{rel}","templated":true}]}}